{"id":13291,"date":"2016-04-04T09:30:53","date_gmt":"2016-04-04T08:30:53","guid":{"rendered":"http:\/\/www.roofnet.idgcom.fr\/?page_id=13291"},"modified":"2022-06-21T08:00:58","modified_gmt":"2022-06-21T07:00:58","slug":"nos-client-nos-valeurs","status":"publish","type":"page","link":"https:\/\/roofnet.fr\/roofnet\/nos-client-nos-valeurs\/","title":{"rendered":"Nos clients"},"content":{"rendered":"<div class=\"wpb-content-wrapper\"><p>[vc_row][vc_column width=\u00a0\u00bb1\/4&Prime;][vc_gallery interval=\u00a0\u00bb3&Prime; images=\u00a0\u00bb14032,14034,14036,14038,14039,14040&Prime; img_size=\u00a0\u00bb200&#215;150&Prime;][\/vc_column][vc_column width=\u00a0\u00bb3\/4&Prime;][vc_column_text]<\/p>\n<h4>NOS CLIENTS<\/h4>\n<p>[\/vc_column_text][vc_column_text]<strong><span style=\"color: #1e73be;\">Nous intervenons partout en France<\/span><\/strong>[\/vc_column_text]<div class=\"mt-shortcode-separator default left\" style=\"height:; width:; background-color:#1e73be;margin-top:; margin-bottom:\"><\/div><div class=\"clear\"><\/div>[vc_empty_space height=\u00a0\u00bb15&Prime;][vc_column_text]<\/p>\n<div id=\"TheTexte\" class=\"Texte\">\n<p><strong><span style=\"color: #5a5a5a;\">Nous intervenons sur les toitures terrasses des b\u00e2timents logistiques, industriels et tertiaires.<\/span><\/strong><br \/>\n<span style=\"color: #5a5a5a;\">Nos interlocuteurs sont tous les professionnels charg\u00e9s de la maintenance durable des installations et des toitures en particulier : les propri\u00e9taires, les locataires, les gestionnaires de patrimoine, les responsables de maintenance du b\u00e2timent, les experts, les assureurs\u2026<\/span><br \/>\n<span style=\"color: #5a5a5a;\">Nos clients\u00a0nous confient en France <strong>plus de 5 millions de m2<\/strong> en entretien de toiture sous contrat.<\/span><\/p>\n<p><strong><span style=\"color: #1e73be;\">Ils sont acteurs des :<\/span><\/strong><br \/>\n<span style=\"color: #5a5a5a;\">&#8211; Grandes enseignes de la Distribution<\/span><br \/>\n<span style=\"color: #5a5a5a;\">&#8211; Repr\u00e9sentants des m\u00e9tiers de la Logistique et des Transports<\/span><br \/>\n<span style=\"color: #5a5a5a;\">&#8211; Gestionnaires d\u2019actifs immobiliers<\/span><\/p>\n<p><span style=\"color: #5a5a5a;\">Nos filiales r\u00e9gionales permettent d\u2019intervenir sur des b\u00e2timents \u00ab\u00a0priv\u00e9s\u00a0\u00bb ou faisant partie d\u2019un groupement \u00e0 l\u2019\u00e9chelle nationale.<\/span><\/p>\n<\/div>\n<p>[\/vc_column_text]<div class=\"mt-shortcode-separator default left\" style=\"height:; width:; background-color:#1e73be;margin-top:; margin-bottom:\"><\/div><div class=\"clear\"><\/div>[vc_column_text]<strong><span style=\"color: #2b76c1;\">Ils nous font confiance :<\/span><\/strong>[\/vc_column_text][\/vc_column][\/vc_row][vc_row full_width=\u00a0\u00bbstretch_row\u00a0\u00bb bg_type=\u00a0\u00bbbg_color\u00a0\u00bb][vc_column][vc_empty_space height=\u00a0\u00bb15&Prime;][vc_gallery interval=\u00a0\u00bb5&Prime; images=\u00a0\u00bb14387,14389,14390,14391,14388&Prime; img_size=\u00a0\u00bbfull\u00a0\u00bb onclick=\u00a0\u00bb\u00a0\u00bb][vc_empty_space height=\u00a0\u00bb54&Prime;][\/vc_column][\/vc_row][vc_row full_width=\u00a0\u00bbstretch_row\u00a0\u00bb bg_type=\u00a0\u00bbbg_color\u00a0\u00bb bg_color_value=\u00a0\u00bb#e2e2e2&Prime;][vc_column][vc_empty_space height=\u00a0\u00bb30px\u00a0\u00bb css=\u00a0\u00bb.vc_custom_1461080305875{background-color: #e2e2e2 !important;}\u00a0\u00bb][vc_row_inner css=\u00a0\u00bb.vc_custom_1461080147690{background-color: #e2e2e2 !important;}\u00a0\u00bb][vc_column_inner width=\u00a0\u00bb1\/3&Prime; css=\u00a0\u00bb.vc_custom_1461080229022{background-color: #e2e2e2 !important;}\u00a0\u00bb]<div id=\"ultib3-172206460269e8ba120b7de\" class=\" ultb3-box ult-adjust-bottom-margin  \" style=\"background-color: #1e73be;\"><img decoding=\"async\" src=\"https:\/\/roofnet.fr\/roofnet\/wp-content\/uploads\/2016\/03\/nord.jpg\" style=\"\" class=\"ultb3-img ultb3-img-left\" alt=\"ib3 image\"\/><div id=\"Info-banner-wrap9585\" class=\"ultb3-info ib3-info-right\" data-animation=\"\" data-animation-delay=\"03\"><div class=\"ultb3-title ult-responsive\"  data-ultimate-target='#Info-banner-wrap9585 .ultb3-title'  data-responsive-json-new='{\"font-size\":\"desktop:20px;\",\"line-height\":\"\"}'  style=\"font-weight:bold;color:#ffffff;\">Roofnet Nord<\/div><div class=\"ultb3-desc ult-responsive\"  data-ultimate-target='#Info-banner-wrap9585 .ultb3-desc'  data-responsive-json-new='{\"font-size\":\"desktop:11px;\",\"line-height\":\"\"}'  style=\"font-weight:normal;color:#ffffff;\">Vous \u00eates de la r\u00e9gion Nord ?<br \/>\nRetrouvez nos coordonn\u00e9es<br \/>\nen cliquant sur le lien<\/div><a href=\"https:\/\/roofnet.fr\/roofnet\/roofnet_nord\/\"   class=\"ultb3-btn ult-responsive\"  data-ultimate-target='#Info-banner-wrap9585 .ultb3-btn'  data-responsive-json-new='{\"font-size\":\"desktop:12px;\",\"line-height\":\"\"}'  style=\"font-weight:bold;\">Nous contacter<i class=\"Defaults-angle-right\"><\/i><\/a><\/div><\/div><style>\n\t\t\t\t\t#ultib3-172206460269e8ba120b7de {\n\t\t\t\t\t\tmin-height:50px;\n\t\t\t\t\t}\n\t\t\t\t\t#ultib3-172206460269e8ba120b7de img.ultb3-img {\n\t\t\t\t\t\theight: px;\n\t\t\t\t\t}\n\t\t\t\t\t#ultib3-172206460269e8ba120b7de .ultb3-btn {\n\t\t\t\t\t\tborder:1px solid #ffffff;border-radius:20px;color:#ffffff;\n\t\t\t\t\t}\n\t\t\t\t\t#ultib3-172206460269e8ba120b7de .ultb3-btn:hover {\n\t\t\t\t\t\tbackground:#ffffff;color:#ffffff;\n\t\t\t\t\t}\n\t\t\t\t<\/style><style>\n\t\t\t\t\t\t@media (min-width: 1824px) {\n\t\t\t\t\t\t\t #ultib3-172206460269e8ba120b7de img.ultb3-img {\n\t\t\t\t\t\t\t\theight:50px;\n\t\t\t\t\t\t\t}\n\t\t\t\t\t\t}\n\t\t\t\t\t<\/style>[vc_empty_space height=\u00a0\u00bb10&Prime;][\/vc_column_inner][vc_column_inner width=\u00a0\u00bb1\/3&Prime;]<div id=\"ultib3-27090694569e8ba120bc24\" class=\" ultb3-box ult-adjust-bottom-margin  \" style=\"background-color: #1e73be;\"><img decoding=\"async\" src=\"https:\/\/roofnet.fr\/roofnet\/wp-content\/uploads\/2016\/03\/centre.jpg\" style=\"\" class=\"ultb3-img ultb3-img-left\" alt=\"ib3 image\"\/><div id=\"Info-banner-wrap5321\" class=\"ultb3-info ib3-info-right\" data-animation=\"\" data-animation-delay=\"03\"><div class=\"ultb3-title ult-responsive\"  data-ultimate-target='#Info-banner-wrap5321 .ultb3-title'  data-responsive-json-new='{\"font-size\":\"desktop:20px;\",\"line-height\":\"\"}'  style=\"font-weight:bold;color:#ffffff;\">Roofnet Centre<\/div><div class=\"ultb3-desc ult-responsive\"  data-ultimate-target='#Info-banner-wrap5321 .ultb3-desc'  data-responsive-json-new='{\"font-size\":\"desktop:11px;\",\"line-height\":\"\"}'  style=\"font-weight:normal;color:#ffffff;\">Vous \u00eates de la r\u00e9gion Centre ?<br \/>\nRetrouvez nos coordonn\u00e9es<br \/>\nen cliquant sur le lien<\/div><a href=\"https:\/\/roofnet.fr\/roofnet\/contactez_nous\"   class=\"ultb3-btn ult-responsive\"  data-ultimate-target='#Info-banner-wrap5321 .ultb3-btn'  data-responsive-json-new='{\"font-size\":\"desktop:12px;\",\"line-height\":\"\"}'  style=\"font-weight:bold;\">Nous contacter<i class=\"Defaults-angle-right\"><\/i><\/a><\/div><\/div><style>\n\t\t\t\t\t#ultib3-27090694569e8ba120bc24 {\n\t\t\t\t\t\tmin-height:50px;\n\t\t\t\t\t}\n\t\t\t\t\t#ultib3-27090694569e8ba120bc24 img.ultb3-img {\n\t\t\t\t\t\theight: px;\n\t\t\t\t\t}\n\t\t\t\t\t#ultib3-27090694569e8ba120bc24 .ultb3-btn {\n\t\t\t\t\t\tborder:1px solid #ffffff;border-radius:20px;color:#ffffff;\n\t\t\t\t\t}\n\t\t\t\t\t#ultib3-27090694569e8ba120bc24 .ultb3-btn:hover {\n\t\t\t\t\t\tbackground:#ffffff;color:#ffffff;\n\t\t\t\t\t}\n\t\t\t\t<\/style><style>\n\t\t\t\t\t\t@media (min-width: 1824px) {\n\t\t\t\t\t\t\t #ultib3-27090694569e8ba120bc24 img.ultb3-img {\n\t\t\t\t\t\t\t\theight:50px;\n\t\t\t\t\t\t\t}\n\t\t\t\t\t\t}\n\t\t\t\t\t<\/style>[vc_empty_space height=\u00a0\u00bb10&Prime;][\/vc_column_inner][vc_column_inner width=\u00a0\u00bb1\/3&Prime;]<div id=\"ultib3-46851051169e8ba120c26f\" class=\" ultb3-box ult-adjust-bottom-margin  \" style=\"background-color: #1e73be;\"><img decoding=\"async\" src=\"https:\/\/roofnet.fr\/roofnet\/wp-content\/uploads\/2014\/11\/carte_footer_sud.jpg\" style=\"\" class=\"ultb3-img ultb3-img-left\" alt=\"ib3 image\"\/><div id=\"Info-banner-wrap3294\" class=\"ultb3-info ib3-info-right\" data-animation=\"\" data-animation-delay=\"03\"><div class=\"ultb3-title ult-responsive\"  data-ultimate-target='#Info-banner-wrap3294 .ultb3-title'  data-responsive-json-new='{\"font-size\":\"desktop:20px;\",\"line-height\":\"\"}'  style=\"font-weight:bold;color:#ffffff;\">Roofnet<\/div><div class=\"ultb3-desc ult-responsive\"  data-ultimate-target='#Info-banner-wrap3294 .ultb3-desc'  data-responsive-json-new='{\"font-size\":\"desktop:11px;\",\"line-height\":\"\"}'  style=\"font-weight:normal;color:#ffffff;\">Vous \u00eates localis\u00e9 au Sud de Lyon ?<br \/>\nRetrouvez nos coordonn\u00e9es<br \/>\nen cliquant sur le lien<\/div><a href=\"https:\/\/roofnet.fr\/roofnet\/roofnet_sud\"   class=\"ultb3-btn ult-responsive\"  data-ultimate-target='#Info-banner-wrap3294 .ultb3-btn'  data-responsive-json-new='{\"font-size\":\"desktop:12px;\",\"line-height\":\"\"}'  style=\"font-weight:bold;\">Nous contacter<i class=\"Defaults-angle-right\"><\/i><\/a><\/div><\/div><style>\n\t\t\t\t\t#ultib3-46851051169e8ba120c26f {\n\t\t\t\t\t\tmin-height:50px;\n\t\t\t\t\t}\n\t\t\t\t\t#ultib3-46851051169e8ba120c26f img.ultb3-img {\n\t\t\t\t\t\theight: px;\n\t\t\t\t\t}\n\t\t\t\t\t#ultib3-46851051169e8ba120c26f .ultb3-btn {\n\t\t\t\t\t\tborder:1px solid #ffffff;border-radius:20px;color:#ffffff;\n\t\t\t\t\t}\n\t\t\t\t\t#ultib3-46851051169e8ba120c26f .ultb3-btn:hover {\n\t\t\t\t\t\tbackground:#ffffff;color:#ffffff;\n\t\t\t\t\t}\n\t\t\t\t<\/style><style>\n\t\t\t\t\t\t@media (min-width: 1824px) {\n\t\t\t\t\t\t\t #ultib3-46851051169e8ba120c26f img.ultb3-img {\n\t\t\t\t\t\t\t\theight:50px;\n\t\t\t\t\t\t\t}\n\t\t\t\t\t\t}\n\t\t\t\t\t<\/style>[vc_empty_space height=\u00a0\u00bb10&Prime;][\/vc_column_inner][\/vc_row_inner][vc_empty_space height=\u00a0\u00bb30px\u00a0\u00bb css=\u00a0\u00bb.vc_custom_1461080193080{background-color: #e2e2e2 !important;}\u00a0\u00bb][\/vc_column][\/vc_row][vc_row full_width=\u00a0\u00bbstretch_row\u00a0\u00bb css=\u00a0\u00bb.vc_custom_1463494200805{background-color: #545454 !important;}\u00a0\u00bb][vc_column][vc_row_inner][vc_column_inner width=\u00a0\u00bb1\/3&Prime;][\/vc_column_inner][vc_column_inner width=\u00a0\u00bb1\/3&Prime;][vc_column_text css_animation=\u00a0\u00bbtop-to-bottom\u00a0\u00bb]<\/p>\n<h4 style=\"text-align: center;\"><span style=\"color: #ffffff;\">Roofnet<\/span><\/h4>\n<p>[\/vc_column_text][vc_column_text css_animation=\u00a0\u00bbtop-to-bottom\u00a0\u00bb]<\/p>\n<h6 style=\"text-align: center;\"><span style=\"color: #fbb027;\"><span style=\"color: #ffffff;\">Si\u00e8ge<\/span><br \/>\n<\/span><\/h6>\n<p>[\/vc_column_text]<div class=\"mt-shortcode-separator default center\" style=\"height:; width:; background-color:#ffffff;margin-top:; margin-bottom:\"><\/div><div class=\"clear\"><\/div>[vc_column_text]<\/p>\n<p style=\"text-align: center;\"><span style=\"color: #ffffff;\">3 rue de T\u00e9h\u00e9ran \u2013 75008 Paris \u2013 T\u00e9l. <a style=\"color: #ffffff;\" href=\"#\">01 45 25 03 35<\/a><br \/>\n<a style=\"color: #ffffff;\" href=\"mailto:info@roofnet.fr\">info@roofnet.fr<\/a>\u2013 RCS : <a style=\"color: #ffffff;\" href=\"#\">398 543 801<\/a><\/span><\/p>\n<p style=\"text-align: center;\"><span style=\"color: #b3b3b2;\"><a href=\"https:\/\/www.linkedin.com\/company\/roofnet\/\" target=\"_blank\" rel=\"noopener noreferrer\"><img loading=\"lazy\" decoding=\"async\" class=\"alignnone wp-image-14221 size-full\" src=\"https:\/\/roofnet.fr\/roofnet\/wp-content\/uploads\/2016\/04\/linkedin.png\" alt=\"linkedin\" width=\"37\" height=\"37\" srcset=\"https:\/\/roofnet.fr\/roofnet\/wp-content\/uploads\/2016\/04\/linkedin.png 37w, https:\/\/roofnet.fr\/roofnet\/wp-content\/uploads\/2016\/04\/linkedin-150x150.png 150w, https:\/\/roofnet.fr\/roofnet\/wp-content\/uploads\/2016\/04\/linkedin-300x300.png 300w, https:\/\/roofnet.fr\/roofnet\/wp-content\/uploads\/2016\/04\/linkedin-768x768.png 768w, https:\/\/roofnet.fr\/roofnet\/wp-content\/uploads\/2016\/04\/linkedin-1024x1024.png 1024w, https:\/\/roofnet.fr\/roofnet\/wp-content\/uploads\/2016\/04\/linkedin-999x999.png 999w, https:\/\/roofnet.fr\/roofnet\/wp-content\/uploads\/2016\/04\/linkedin-360x360.png 360w\" sizes=\"(max-width: 37px) 100vw, 37px\" \/><\/a> <a href=\"https:\/\/www.facebook.com\/roofnet.fr\/\" target=\"_blank\" rel=\"noopener noreferrer\" class=\"broken_link\"><img loading=\"lazy\" decoding=\"async\" class=\"alignnone wp-image-14252 size-full\" src=\"https:\/\/roofnet.fr\/roofnet\/wp-content\/uploads\/2016\/04\/fb_rond.png\" alt=\"fb_rond\" width=\"37\" height=\"37\" srcset=\"https:\/\/roofnet.fr\/roofnet\/wp-content\/uploads\/2016\/04\/fb_rond.png 37w, https:\/\/roofnet.fr\/roofnet\/wp-content\/uploads\/2016\/04\/fb_rond-150x150.png 150w, https:\/\/roofnet.fr\/roofnet\/wp-content\/uploads\/2016\/04\/fb_rond-300x300.png 300w, https:\/\/roofnet.fr\/roofnet\/wp-content\/uploads\/2016\/04\/fb_rond-768x768.png 768w, https:\/\/roofnet.fr\/roofnet\/wp-content\/uploads\/2016\/04\/fb_rond-1024x1024.png 1024w, https:\/\/roofnet.fr\/roofnet\/wp-content\/uploads\/2016\/04\/fb_rond-999x999.png 999w, https:\/\/roofnet.fr\/roofnet\/wp-content\/uploads\/2016\/04\/fb_rond-360x360.png 360w\" sizes=\"(max-width: 37px) 100vw, 37px\" \/><\/a><br \/>\n<\/span>[\/vc_column_text][vc_empty_space][\/vc_column_inner][vc_column_inner width=\u00a0\u00bb1\/3&Prime;][\/vc_column_inner][\/vc_row_inner][\/vc_column][\/vc_row]<\/p>\n<\/div>","protected":false},"excerpt":{"rendered":"<p>[vc_row][vc_column width=\u00a0\u00bb1\/4&Prime;][vc_gallery interval=\u00a0\u00bb3&Prime; images=\u00a0\u00bb14032,14034,14036,14038,14039,14040&Prime; img_size=\u00a0\u00bb200&#215;150&Prime;][\/vc_column][vc_column width=\u00a0\u00bb3\/4&Prime;][vc_column_text] NOS CLIENTS [\/vc_column_text][vc_column_text]Nous intervenons partout en France[\/vc_column_text][vc_empty_space height=\u00a0\u00bb15&Prime;][vc_column_text] Nous intervenons sur les toitures terrasses des b\u00e2timents logistiques, industriels et tertiaires. Nos interlocuteurs sont tous les professionnels charg\u00e9s de la maintenance durable des installations et des toitures en particulier : les propri\u00e9taires, les locataires, les gestionnaires de patrimoine, les responsables de maintenance du b\u00e2timent, les experts, les assureurs\u2026 Nos clients\u00a0nous confient en France plus de 5 millions de m2 en entretien de toiture sous contrat. Ils sont acteurs des : &#8211; Grandes enseignes de la Distribution &#8211; Repr\u00e9sentants des m\u00e9tiers de la Logistique et des Transports &#8211; Gestionnaires d\u2019actifs immobiliers Nos filiales r\u00e9gionales permettent d\u2019intervenir sur des b\u00e2timents \u00ab\u00a0priv\u00e9s\u00a0\u00bb ou faisant partie d\u2019un groupement \u00e0 l\u2019\u00e9chelle nationale. [\/vc_column_text][vc_column_text]Ils nous font confiance :[\/vc_column_text][\/vc_column][\/vc_row][vc_row full_width=\u00a0\u00bbstretch_row\u00a0\u00bb bg_type=\u00a0\u00bbbg_color\u00a0\u00bb][vc_column][vc_empty_space height=\u00a0\u00bb15&Prime;][vc_gallery interval=\u00a0\u00bb5&Prime; images=\u00a0\u00bb14387,14389,14390,14391,14388&Prime; img_size=\u00a0\u00bbfull\u00a0\u00bb onclick=\u00a0\u00bb\u00a0\u00bb][vc_empty_space height=\u00a0\u00bb54&Prime;][\/vc_column][\/vc_row][vc_row full_width=\u00a0\u00bbstretch_row\u00a0\u00bb bg_type=\u00a0\u00bbbg_color\u00a0\u00bb bg_color_value=\u00a0\u00bb#e2e2e2&Prime;][vc_column][vc_empty_space height=\u00a0\u00bb30px\u00a0\u00bb css=\u00a0\u00bb.vc_custom_1461080305875{background-color: #e2e2e2 !important;}\u00a0\u00bb][vc_row_inner css=\u00a0\u00bb.vc_custom_1461080147690{background-color: #e2e2e2 !important;}\u00a0\u00bb][vc_column_inner width=\u00a0\u00bb1\/3&Prime; css=\u00a0\u00bb.vc_custom_1461080229022{background-color: #e2e2e2 !important;}\u00a0\u00bb][vc_empty_space height=\u00a0\u00bb10&Prime;][\/vc_column_inner][vc_column_inner width=\u00a0\u00bb1\/3&Prime;][vc_empty_space height=\u00a0\u00bb10&Prime;][\/vc_column_inner][vc_column_inner width=\u00a0\u00bb1\/3&Prime;][vc_empty_space height=\u00a0\u00bb10&Prime;][\/vc_column_inner][\/vc_row_inner][vc_empty_space height=\u00a0\u00bb30px\u00a0\u00bb css=\u00a0\u00bb.vc_custom_1461080193080{background-color: #e2e2e2 !important;}\u00a0\u00bb][\/vc_column][\/vc_row][vc_row full_width=\u00a0\u00bbstretch_row\u00a0\u00bb css=\u00a0\u00bb.vc_custom_1463494200805{background-color: #545454 !important;}\u00a0\u00bb][vc_column][vc_row_inner][vc_column_inner width=\u00a0\u00bb1\/3&Prime;][\/vc_column_inner][vc_column_inner width=\u00a0\u00bb1\/3&Prime;][vc_column_text css_animation=\u00a0\u00bbtop-to-bottom\u00a0\u00bb] Roofnet [\/vc_column_text][vc_column_text css_animation=\u00a0\u00bbtop-to-bottom\u00a0\u00bb] Si\u00e8ge [\/vc_column_text][vc_column_text] 3 rue de T\u00e9h\u00e9ran \u2013 75008 Paris \u2013 T\u00e9l. 01 45 25 03 35 info@roofnet.fr\u2013 RCS : 398 543 801 [\/vc_column_text][vc_empty_space][\/vc_column_inner][vc_column_inner width=\u00a0\u00bb1\/3&Prime;][\/vc_column_inner][\/vc_row_inner][\/vc_column][\/vc_row]<\/p>\n","protected":false},"author":1,"featured_media":0,"parent":0,"menu_order":0,"comment_status":"closed","ping_status":"closed","template":"template-fullwith.php","meta":{"footnotes":""},"_links":{"self":[{"href":"https:\/\/roofnet.fr\/roofnet\/wp-json\/wp\/v2\/pages\/13291"}],"collection":[{"href":"https:\/\/roofnet.fr\/roofnet\/wp-json\/wp\/v2\/pages"}],"about":[{"href":"https:\/\/roofnet.fr\/roofnet\/wp-json\/wp\/v2\/types\/page"}],"author":[{"embeddable":true,"href":"https:\/\/roofnet.fr\/roofnet\/wp-json\/wp\/v2\/users\/1"}],"replies":[{"embeddable":true,"href":"https:\/\/roofnet.fr\/roofnet\/wp-json\/wp\/v2\/comments?post=13291"}],"version-history":[{"count":5,"href":"https:\/\/roofnet.fr\/roofnet\/wp-json\/wp\/v2\/pages\/13291\/revisions"}],"predecessor-version":[{"id":14669,"href":"https:\/\/roofnet.fr\/roofnet\/wp-json\/wp\/v2\/pages\/13291\/revisions\/14669"}],"wp:attachment":[{"href":"https:\/\/roofnet.fr\/roofnet\/wp-json\/wp\/v2\/media?parent=13291"}],"curies":[{"name":"wp","href":"https:\/\/api.w.org\/{rel}","templated":true}]}}