{"id":13663,"date":"2016-04-07T14:49:42","date_gmt":"2016-04-07T13:49:42","guid":{"rendered":"http:\/\/roofnet.fr\/roofnet\/?page_id=13663"},"modified":"2022-06-21T08:03:03","modified_gmt":"2022-06-21T07:03:03","slug":"nettoyage-et-reparation","status":"publish","type":"page","link":"https:\/\/roofnet.fr\/roofnet\/nettoyage-et-reparation\/","title":{"rendered":"Nettoyage et r\u00e9paration"},"content":{"rendered":"<div class=\"wpb-content-wrapper\"><p>[vc_row][vc_column width=\u00a0\u00bb1\/4&Prime;][vc_empty_space height=\u00a0\u00bb64px\u00a0\u00bb][vc_gallery interval=\u00a0\u00bb3&Prime; images=\u00a0\u00bb14042,14043,14044,14045,14046&Prime; img_size=\u00a0\u00bb250&#215;200&Prime;][\/vc_column][vc_column width=\u00a0\u00bb3\/4&Prime;][vc_column_text]<\/p>\n<h4>NETTOYAGE &amp; REPARATION<\/h4>\n<p>[\/vc_column_text][vc_column_text]<strong><span style=\"color: #1e73be;\">Nettoyage des toitures terrasses : bitume, PVC, bac acier\u2026<\/span><\/strong>[\/vc_column_text]<div class=\"mt-shortcode-separator default left\" style=\"height:; width:; background-color:#1e73be;margin-top:; margin-bottom:\"><\/div><div class=\"clear\"><\/div>[vc_empty_space height=\u00a0\u00bb15&Prime;][vc_column_text]<\/p>\n<div id=\"TheTexte\" class=\"Texte\">\n<p><span style=\"color: #5a5a5a;\">Le nettoyage d\u2019une toiture terrasse est indispensable pour des raisons \u00e9videntes de long\u00e9vit\u00e9 et de s\u00e9curit\u00e9.<\/span><\/p>\n<p><strong>Pour optimiser ces deux qualit\u00e9s il faut\u00a0:<\/strong><span style=\"color: #808080;\"><br \/>\n<span style=\"color: #5a5a5a;\">&#8211; un usage adapt\u00e9 et respectueux de la structure<\/span><br \/>\n<span style=\"color: #5a5a5a;\">&#8211; un nettoyage r\u00e9gulier et pr\u00e9ventif des surfaces et \u00e9vacuations<\/span><\/span><\/p>\n<p><strong>Nos \u00e9quipes suivent scrupuleusement une check-list, passant en revue :<\/strong><span style=\"color: #1e73be;\"><br \/>\n<span style=\"color: #5a5a5a;\">L\u2019accessibilit\u00e9 toiture,<\/span><\/span><span style=\"color: #5a5a5a;\"> les surfaces courantes,<\/span><span style=\"color: #5a5a5a;\"> les \u00e9vacuations d\u2019eaux pluviales, les \u00e9quipements de s\u00e9curit\u00e9 en toiture, les relev\u00e9s d\u2019\u00e9tanch\u00e9it\u00e9 p\u00e9riph\u00e9riques, les polycarbonates, les couvertines, les installations sipho\u00efdes\u2026<\/span><\/p>\n<p><span style=\"color: #5a5a5a;\">Le rapport de visite, largement illustr\u00e9 de photos (avant \/ apr\u00e8s) rend compte de l\u2019\u00e9tat de la toiture et permet d\u2019\u00e9tablir un diagnostic pr\u00e9cis.<\/span><\/p>\n<\/div>\n<p>[\/vc_column_text][vc_empty_space][\/vc_column][\/vc_row][vc_row][vc_column width=\u00a0\u00bb1\/4&Prime;][vc_gallery interval=\u00a0\u00bb3&Prime; images=\u00a0\u00bb14047,14048,14049,14050,14051,14052&Prime; img_size=\u00a0\u00bb250&#215;200&Prime;][\/vc_column][vc_column width=\u00a0\u00bb3\/4&Prime;][vc_column_text]<strong><span style=\"color: #1e73be;\">R\u00e9paration : fuites et d\u00e9fauts d\u2019\u00e9tanch\u00e9it\u00e9 sur des rev\u00eatements : bitume, PVC, bac acier\u2026<\/span><\/strong>[\/vc_column_text]<div class=\"mt-shortcode-separator default left\" style=\"height:; width:; background-color:#1e73be;margin-top:; margin-bottom:\"><\/div><div class=\"clear\"><\/div>[vc_empty_space height=\u00a0\u00bb15&Prime;][vc_column_text]<\/p>\n<div id=\"TheTexte\" class=\"Texte\">\n<p><span style=\"color: #5a5a5a;\">&#8211; Des fuites \u00e9videntes imposent parfois des r\u00e9parations d\u2019urgence, sur les rev\u00eatements toiture, les DEP ou les \u00e9vacuations\u2026<br \/>\n&#8211; D\u2019autres r\u00e9parations seront effectu\u00e9es \u00e0 titre pr\u00e9ventif en fonction de l\u2019\u00e9tat d\u2019usure \u00e9tabli dans le diagnostic<\/span><\/p>\n<p><span style=\"color: #5a5a5a;\">Dans ces deux cas, nos \u00e9quipes d\u2019intervention r\u00e9guli\u00e8rement form\u00e9es sur les nouvelles techniques et les nouveaux mat\u00e9riaux, interviennent en urgence. Elles se tiennent \u00e0 votre disposition dans nos filiales r\u00e9gionales.<\/span><\/p>\n<\/div>\n<p>[\/vc_column_text][vc_empty_space height=\u00a0\u00bb15&Prime;]<div class=\"mt-shortcode-separator default left\" style=\"height:; width:; background-color:#1e73be;margin-top:; margin-bottom:\"><\/div><div class=\"clear\"><\/div>[vc_empty_space height=\u00a0\u00bb15&Prime;][\/vc_column][\/vc_row][vc_row full_width=\u00a0\u00bbstretch_row\u00a0\u00bb bg_type=\u00a0\u00bbbg_color\u00a0\u00bb][vc_column][vc_empty_space height=\u00a0\u00bb54&Prime;][\/vc_column][\/vc_row][vc_row full_width=\u00a0\u00bbstretch_row\u00a0\u00bb bg_type=\u00a0\u00bbbg_color\u00a0\u00bb bg_color_value=\u00a0\u00bb#e2e2e2&Prime;][vc_column][vc_empty_space height=\u00a0\u00bb30px\u00a0\u00bb css=\u00a0\u00bb.vc_custom_1461080518557{background-color: #e2e2e2 !important;}\u00a0\u00bb][vc_row_inner css=\u00a0\u00bb.vc_custom_1461080564279{background-color: #e2e2e2 !important;}\u00a0\u00bb][vc_column_inner width=\u00a0\u00bb1\/3&Prime;]<div id=\"ultib3-131512873769fa990673af3\" class=\" ultb3-box ult-adjust-bottom-margin  \" style=\"background-color: #1e73be;\"><img decoding=\"async\" src=\"https:\/\/roofnet.fr\/roofnet\/wp-content\/uploads\/2016\/03\/nord.jpg\" style=\"\" class=\"ultb3-img ultb3-img-left\" alt=\"ib3 image\"\/><div id=\"Info-banner-wrap7457\" class=\"ultb3-info ib3-info-right\" data-animation=\"\" data-animation-delay=\"03\"><div class=\"ultb3-title ult-responsive\"  data-ultimate-target='#Info-banner-wrap7457 .ultb3-title'  data-responsive-json-new='{\"font-size\":\"desktop:20px;\",\"line-height\":\"\"}'  style=\"font-weight:bold;color:#ffffff;\">Roofnet Nord<\/div><div class=\"ultb3-desc ult-responsive\"  data-ultimate-target='#Info-banner-wrap7457 .ultb3-desc'  data-responsive-json-new='{\"font-size\":\"desktop:11px;\",\"line-height\":\"\"}'  style=\"font-weight:normal;color:#ffffff;\">Vous \u00eates de la r\u00e9gion Nord ?<br \/>\nRetrouvez nos coordonn\u00e9es<br \/>\nen cliquant sur le lien<\/div><a href=\"https:\/\/roofnet.fr\/roofnet\/roofnet_nord\/\"   class=\"ultb3-btn ult-responsive\"  data-ultimate-target='#Info-banner-wrap7457 .ultb3-btn'  data-responsive-json-new='{\"font-size\":\"desktop:12px;\",\"line-height\":\"\"}'  style=\"font-weight:bold;\">Nous contacter<i class=\"Defaults-angle-right\"><\/i><\/a><\/div><\/div><style>\n\t\t\t\t\t#ultib3-131512873769fa990673af3 {\n\t\t\t\t\t\tmin-height:50px;\n\t\t\t\t\t}\n\t\t\t\t\t#ultib3-131512873769fa990673af3 img.ultb3-img {\n\t\t\t\t\t\theight: px;\n\t\t\t\t\t}\n\t\t\t\t\t#ultib3-131512873769fa990673af3 .ultb3-btn {\n\t\t\t\t\t\tborder:1px solid #ffffff;border-radius:20px;color:#ffffff;\n\t\t\t\t\t}\n\t\t\t\t\t#ultib3-131512873769fa990673af3 .ultb3-btn:hover {\n\t\t\t\t\t\tbackground:#ffffff;color:#ffffff;\n\t\t\t\t\t}\n\t\t\t\t<\/style><style>\n\t\t\t\t\t\t@media (min-width: 1824px) {\n\t\t\t\t\t\t\t #ultib3-131512873769fa990673af3 img.ultb3-img {\n\t\t\t\t\t\t\t\theight:50px;\n\t\t\t\t\t\t\t}\n\t\t\t\t\t\t}\n\t\t\t\t\t<\/style>[vc_empty_space height=\u00a0\u00bb10&Prime;][\/vc_column_inner][vc_column_inner width=\u00a0\u00bb1\/3&Prime;]<div id=\"ultib3-118673108069fa990673ef3\" class=\" ultb3-box ult-adjust-bottom-margin  \" style=\"background-color: #1e73be;\"><img decoding=\"async\" src=\"https:\/\/roofnet.fr\/roofnet\/wp-content\/uploads\/2016\/03\/centre.jpg\" style=\"\" class=\"ultb3-img ultb3-img-left\" alt=\"ib3 image\"\/><div id=\"Info-banner-wrap8682\" class=\"ultb3-info ib3-info-right\" data-animation=\"\" data-animation-delay=\"03\"><div class=\"ultb3-title ult-responsive\"  data-ultimate-target='#Info-banner-wrap8682 .ultb3-title'  data-responsive-json-new='{\"font-size\":\"desktop:20px;\",\"line-height\":\"\"}'  style=\"font-weight:bold;color:#ffffff;\">Roofnet Centre<\/div><div class=\"ultb3-desc ult-responsive\"  data-ultimate-target='#Info-banner-wrap8682 .ultb3-desc'  data-responsive-json-new='{\"font-size\":\"desktop:11px;\",\"line-height\":\"\"}'  style=\"font-weight:normal;color:#ffffff;\">Vous \u00eates de la r\u00e9gion Centre ?<br \/>\nRetrouvez nos coordonn\u00e9es<br \/>\nen cliquant sur le lien<\/div><a href=\"https:\/\/roofnet.fr\/roofnet\/contactez_nous\"   class=\"ultb3-btn ult-responsive\"  data-ultimate-target='#Info-banner-wrap8682 .ultb3-btn'  data-responsive-json-new='{\"font-size\":\"desktop:12px;\",\"line-height\":\"\"}'  style=\"font-weight:bold;\">Nous contacter<i class=\"Defaults-angle-right\"><\/i><\/a><\/div><\/div><style>\n\t\t\t\t\t#ultib3-118673108069fa990673ef3 {\n\t\t\t\t\t\tmin-height:50px;\n\t\t\t\t\t}\n\t\t\t\t\t#ultib3-118673108069fa990673ef3 img.ultb3-img {\n\t\t\t\t\t\theight: px;\n\t\t\t\t\t}\n\t\t\t\t\t#ultib3-118673108069fa990673ef3 .ultb3-btn {\n\t\t\t\t\t\tborder:1px solid #ffffff;border-radius:20px;color:#ffffff;\n\t\t\t\t\t}\n\t\t\t\t\t#ultib3-118673108069fa990673ef3 .ultb3-btn:hover {\n\t\t\t\t\t\tbackground:#ffffff;color:#ffffff;\n\t\t\t\t\t}\n\t\t\t\t<\/style><style>\n\t\t\t\t\t\t@media (min-width: 1824px) {\n\t\t\t\t\t\t\t #ultib3-118673108069fa990673ef3 img.ultb3-img {\n\t\t\t\t\t\t\t\theight:50px;\n\t\t\t\t\t\t\t}\n\t\t\t\t\t\t}\n\t\t\t\t\t<\/style>[vc_empty_space height=\u00a0\u00bb10&Prime;][\/vc_column_inner][vc_column_inner width=\u00a0\u00bb1\/3&Prime;]<div id=\"ultib3-102383353069fa990674418\" class=\" ultb3-box ult-adjust-bottom-margin  \" style=\"background-color: #1e73be;\"><img decoding=\"async\" src=\"https:\/\/roofnet.fr\/roofnet\/wp-content\/uploads\/2014\/11\/carte_footer_sud.jpg\" style=\"\" class=\"ultb3-img ultb3-img-left\" alt=\"ib3 image\"\/><div id=\"Info-banner-wrap7304\" class=\"ultb3-info ib3-info-right\" data-animation=\"\" data-animation-delay=\"03\"><div class=\"ultb3-title ult-responsive\"  data-ultimate-target='#Info-banner-wrap7304 .ultb3-title'  data-responsive-json-new='{\"font-size\":\"desktop:20px;\",\"line-height\":\"\"}'  style=\"font-weight:bold;color:#ffffff;\">Roofnet <\/div><div class=\"ultb3-desc ult-responsive\"  data-ultimate-target='#Info-banner-wrap7304 .ultb3-desc'  data-responsive-json-new='{\"font-size\":\"desktop:11px;\",\"line-height\":\"\"}'  style=\"font-weight:normal;color:#ffffff;\">Vous \u00eates localis\u00e9 au Sud de Lyon ?<br \/>\nRetrouvez nos coordonn\u00e9es<br \/>\nen cliquant sur le lien<\/div><a href=\"https:\/\/roofnet.fr\/roofnet\/roofnet_sud\"   class=\"ultb3-btn ult-responsive\"  data-ultimate-target='#Info-banner-wrap7304 .ultb3-btn'  data-responsive-json-new='{\"font-size\":\"desktop:12px;\",\"line-height\":\"\"}'  style=\"font-weight:bold;\">Nous contacter<i class=\"Defaults-angle-right\"><\/i><\/a><\/div><\/div><style>\n\t\t\t\t\t#ultib3-102383353069fa990674418 {\n\t\t\t\t\t\tmin-height:50px;\n\t\t\t\t\t}\n\t\t\t\t\t#ultib3-102383353069fa990674418 img.ultb3-img {\n\t\t\t\t\t\theight: px;\n\t\t\t\t\t}\n\t\t\t\t\t#ultib3-102383353069fa990674418 .ultb3-btn {\n\t\t\t\t\t\tborder:1px solid #ffffff;border-radius:20px;color:#ffffff;\n\t\t\t\t\t}\n\t\t\t\t\t#ultib3-102383353069fa990674418 .ultb3-btn:hover {\n\t\t\t\t\t\tbackground:#ffffff;color:#ffffff;\n\t\t\t\t\t}\n\t\t\t\t<\/style><style>\n\t\t\t\t\t\t@media (min-width: 1824px) {\n\t\t\t\t\t\t\t #ultib3-102383353069fa990674418 img.ultb3-img {\n\t\t\t\t\t\t\t\theight:50px;\n\t\t\t\t\t\t\t}\n\t\t\t\t\t\t}\n\t\t\t\t\t<\/style>[vc_empty_space height=\u00a0\u00bb10&Prime;][\/vc_column_inner][\/vc_row_inner][vc_empty_space height=\u00a0\u00bb30px\u00a0\u00bb css=\u00a0\u00bb.vc_custom_1461080556580{background-color: #e2e2e2 !important;}\u00a0\u00bb][\/vc_column][\/vc_row][vc_row full_width=\u00a0\u00bbstretch_row\u00a0\u00bb css=\u00a0\u00bb.vc_custom_1463494240206{background-color: #545454 !important;}\u00a0\u00bb][vc_column][vc_row_inner][vc_column_inner width=\u00a0\u00bb1\/3&Prime;][\/vc_column_inner][vc_column_inner width=\u00a0\u00bb1\/3&Prime;][vc_column_text css_animation=\u00a0\u00bbtop-to-bottom\u00a0\u00bb]<\/p>\n<h4 style=\"text-align: center;\"><span style=\"color: #ffffff;\">Roofnet<\/span><\/h4>\n<p>[\/vc_column_text][vc_column_text css_animation=\u00a0\u00bbtop-to-bottom\u00a0\u00bb]<\/p>\n<h6 style=\"text-align: center;\"><span style=\"color: #ffffff;\">Si\u00e8ge<br \/>\n<\/span><\/h6>\n<p>[\/vc_column_text]<div class=\"mt-shortcode-separator default center\" style=\"height:; width:; background-color:#ffffff;margin-top:; margin-bottom:\"><\/div><div class=\"clear\"><\/div>[vc_column_text]<\/p>\n<p style=\"text-align: center;\"><span style=\"color: #ffffff;\">3 rue de T\u00e9h\u00e9ran \u2013 75008 Paris \u2013 T\u00e9l. <a style=\"color: #ffffff;\" href=\"#\">01 45 25 03 35<\/a><br \/>\n<a style=\"color: #ffffff;\" href=\"mailto:info@roofnet.fr\">info@roofnet.fr<\/a>\u2013 RCS : <a style=\"color: #ffffff;\" href=\"#\">398 543 801<\/a><\/span><\/p>\n<p style=\"text-align: center;\"><span style=\"color: #b3b3b2;\"><a href=\"https:\/\/www.linkedin.com\/company\/roofnet\/\" target=\"_blank\" rel=\"noopener noreferrer\"><img loading=\"lazy\" decoding=\"async\" class=\"alignnone wp-image-14221 size-full\" src=\"https:\/\/roofnet.fr\/roofnet\/wp-content\/uploads\/2016\/04\/linkedin.png\" alt=\"linkedin\" width=\"37\" height=\"37\" srcset=\"https:\/\/roofnet.fr\/roofnet\/wp-content\/uploads\/2016\/04\/linkedin.png 37w, https:\/\/roofnet.fr\/roofnet\/wp-content\/uploads\/2016\/04\/linkedin-150x150.png 150w, https:\/\/roofnet.fr\/roofnet\/wp-content\/uploads\/2016\/04\/linkedin-300x300.png 300w, https:\/\/roofnet.fr\/roofnet\/wp-content\/uploads\/2016\/04\/linkedin-768x768.png 768w, https:\/\/roofnet.fr\/roofnet\/wp-content\/uploads\/2016\/04\/linkedin-1024x1024.png 1024w, https:\/\/roofnet.fr\/roofnet\/wp-content\/uploads\/2016\/04\/linkedin-999x999.png 999w, https:\/\/roofnet.fr\/roofnet\/wp-content\/uploads\/2016\/04\/linkedin-360x360.png 360w\" sizes=\"(max-width: 37px) 100vw, 37px\" \/><\/a> <a href=\"https:\/\/www.facebook.com\/roofnet.fr\/\" target=\"_blank\" rel=\"noopener noreferrer\" class=\"broken_link\"><img loading=\"lazy\" decoding=\"async\" class=\"alignnone wp-image-14252 size-full\" src=\"https:\/\/roofnet.fr\/roofnet\/wp-content\/uploads\/2016\/04\/fb_rond.png\" alt=\"fb_rond\" width=\"37\" height=\"37\" srcset=\"https:\/\/roofnet.fr\/roofnet\/wp-content\/uploads\/2016\/04\/fb_rond.png 37w, https:\/\/roofnet.fr\/roofnet\/wp-content\/uploads\/2016\/04\/fb_rond-150x150.png 150w, https:\/\/roofnet.fr\/roofnet\/wp-content\/uploads\/2016\/04\/fb_rond-300x300.png 300w, https:\/\/roofnet.fr\/roofnet\/wp-content\/uploads\/2016\/04\/fb_rond-768x768.png 768w, https:\/\/roofnet.fr\/roofnet\/wp-content\/uploads\/2016\/04\/fb_rond-1024x1024.png 1024w, https:\/\/roofnet.fr\/roofnet\/wp-content\/uploads\/2016\/04\/fb_rond-999x999.png 999w, https:\/\/roofnet.fr\/roofnet\/wp-content\/uploads\/2016\/04\/fb_rond-360x360.png 360w\" sizes=\"(max-width: 37px) 100vw, 37px\" \/><\/a><br \/>\n<\/span><\/p>\n<p>[\/vc_column_text][vc_empty_space][\/vc_column_inner][vc_column_inner width=\u00a0\u00bb1\/3&Prime;][\/vc_column_inner][\/vc_row_inner][\/vc_column][\/vc_row]<\/p>\n<\/div>","protected":false},"excerpt":{"rendered":"<p>[vc_row][vc_column width=\u00a0\u00bb1\/4&Prime;][vc_empty_space height=\u00a0\u00bb64px\u00a0\u00bb][vc_gallery interval=\u00a0\u00bb3&Prime; images=\u00a0\u00bb14042,14043,14044,14045,14046&Prime; img_size=\u00a0\u00bb250&#215;200&Prime;][\/vc_column][vc_column width=\u00a0\u00bb3\/4&Prime;][vc_column_text] NETTOYAGE &amp; REPARATION [\/vc_column_text][vc_column_text]Nettoyage des toitures terrasses : bitume, PVC, bac acier\u2026[\/vc_column_text][vc_empty_space height=\u00a0\u00bb15&Prime;][vc_column_text] Le nettoyage d\u2019une toiture terrasse est indispensable pour des raisons \u00e9videntes de long\u00e9vit\u00e9 et de s\u00e9curit\u00e9. Pour optimiser ces deux qualit\u00e9s il faut\u00a0: &#8211; un usage adapt\u00e9 et respectueux de la structure &#8211; un nettoyage r\u00e9gulier et pr\u00e9ventif des surfaces et \u00e9vacuations Nos \u00e9quipes suivent scrupuleusement une check-list, passant en revue : L\u2019accessibilit\u00e9 toiture, les surfaces courantes, les \u00e9vacuations d\u2019eaux pluviales, les \u00e9quipements de s\u00e9curit\u00e9 en toiture, les relev\u00e9s d\u2019\u00e9tanch\u00e9it\u00e9 p\u00e9riph\u00e9riques, les polycarbonates, les couvertines, les installations sipho\u00efdes\u2026 Le rapport de visite, largement illustr\u00e9 de photos (avant \/ apr\u00e8s) rend compte de l\u2019\u00e9tat de la toiture et permet d\u2019\u00e9tablir un diagnostic pr\u00e9cis. [\/vc_column_text][vc_empty_space][\/vc_column][\/vc_row][vc_row][vc_column width=\u00a0\u00bb1\/4&Prime;][vc_gallery interval=\u00a0\u00bb3&Prime; images=\u00a0\u00bb14047,14048,14049,14050,14051,14052&Prime; img_size=\u00a0\u00bb250&#215;200&Prime;][\/vc_column][vc_column width=\u00a0\u00bb3\/4&Prime;][vc_column_text]R\u00e9paration : fuites et d\u00e9fauts d\u2019\u00e9tanch\u00e9it\u00e9 sur des rev\u00eatements : bitume, PVC, bac acier\u2026[\/vc_column_text][vc_empty_space height=\u00a0\u00bb15&Prime;][vc_column_text] &#8211; Des fuites \u00e9videntes imposent parfois des r\u00e9parations d\u2019urgence, sur les rev\u00eatements toiture, les DEP ou les \u00e9vacuations\u2026 &#8211; D\u2019autres r\u00e9parations seront effectu\u00e9es \u00e0 titre pr\u00e9ventif en fonction de l\u2019\u00e9tat d\u2019usure \u00e9tabli dans le diagnostic Dans ces deux cas, nos \u00e9quipes d\u2019intervention r\u00e9guli\u00e8rement form\u00e9es sur les nouvelles techniques et les nouveaux mat\u00e9riaux, interviennent en urgence. Elles se tiennent \u00e0 votre disposition dans nos filiales r\u00e9gionales. [\/vc_column_text][vc_empty_space height=\u00a0\u00bb15&Prime;][vc_empty_space height=\u00a0\u00bb15&Prime;][\/vc_column][\/vc_row][vc_row full_width=\u00a0\u00bbstretch_row\u00a0\u00bb bg_type=\u00a0\u00bbbg_color\u00a0\u00bb][vc_column][vc_empty_space height=\u00a0\u00bb54&Prime;][\/vc_column][\/vc_row][vc_row full_width=\u00a0\u00bbstretch_row\u00a0\u00bb bg_type=\u00a0\u00bbbg_color\u00a0\u00bb bg_color_value=\u00a0\u00bb#e2e2e2&Prime;][vc_column][vc_empty_space height=\u00a0\u00bb30px\u00a0\u00bb css=\u00a0\u00bb.vc_custom_1461080518557{background-color: #e2e2e2 !important;}\u00a0\u00bb][vc_row_inner css=\u00a0\u00bb.vc_custom_1461080564279{background-color: #e2e2e2 !important;}\u00a0\u00bb][vc_column_inner width=\u00a0\u00bb1\/3&Prime;][vc_empty_space height=\u00a0\u00bb10&Prime;][\/vc_column_inner][vc_column_inner width=\u00a0\u00bb1\/3&Prime;][vc_empty_space height=\u00a0\u00bb10&Prime;][\/vc_column_inner][vc_column_inner width=\u00a0\u00bb1\/3&Prime;][vc_empty_space height=\u00a0\u00bb10&Prime;][\/vc_column_inner][\/vc_row_inner][vc_empty_space height=\u00a0\u00bb30px\u00a0\u00bb css=\u00a0\u00bb.vc_custom_1461080556580{background-color: #e2e2e2 !important;}\u00a0\u00bb][\/vc_column][\/vc_row][vc_row full_width=\u00a0\u00bbstretch_row\u00a0\u00bb css=\u00a0\u00bb.vc_custom_1463494240206{background-color: #545454 !important;}\u00a0\u00bb][vc_column][vc_row_inner][vc_column_inner width=\u00a0\u00bb1\/3&Prime;][\/vc_column_inner][vc_column_inner width=\u00a0\u00bb1\/3&Prime;][vc_column_text css_animation=\u00a0\u00bbtop-to-bottom\u00a0\u00bb] Roofnet [\/vc_column_text][vc_column_text css_animation=\u00a0\u00bbtop-to-bottom\u00a0\u00bb] Si\u00e8ge [\/vc_column_text][vc_column_text] 3 rue de T\u00e9h\u00e9ran \u2013 75008 Paris \u2013 T\u00e9l. 01 45 25 03 35 info@roofnet.fr\u2013 RCS : 398 543 801 [\/vc_column_text][vc_empty_space][\/vc_column_inner][vc_column_inner width=\u00a0\u00bb1\/3&Prime;][\/vc_column_inner][\/vc_row_inner][\/vc_column][\/vc_row]<\/p>\n","protected":false},"author":1,"featured_media":0,"parent":0,"menu_order":0,"comment_status":"closed","ping_status":"closed","template":"template-fullwith.php","meta":{"footnotes":""},"_links":{"self":[{"href":"https:\/\/roofnet.fr\/roofnet\/wp-json\/wp\/v2\/pages\/13663"}],"collection":[{"href":"https:\/\/roofnet.fr\/roofnet\/wp-json\/wp\/v2\/pages"}],"about":[{"href":"https:\/\/roofnet.fr\/roofnet\/wp-json\/wp\/v2\/types\/page"}],"author":[{"embeddable":true,"href":"https:\/\/roofnet.fr\/roofnet\/wp-json\/wp\/v2\/users\/1"}],"replies":[{"embeddable":true,"href":"https:\/\/roofnet.fr\/roofnet\/wp-json\/wp\/v2\/comments?post=13663"}],"version-history":[{"count":6,"href":"https:\/\/roofnet.fr\/roofnet\/wp-json\/wp\/v2\/pages\/13663\/revisions"}],"predecessor-version":[{"id":14670,"href":"https:\/\/roofnet.fr\/roofnet\/wp-json\/wp\/v2\/pages\/13663\/revisions\/14670"}],"wp:attachment":[{"href":"https:\/\/roofnet.fr\/roofnet\/wp-json\/wp\/v2\/media?parent=13663"}],"curies":[{"name":"wp","href":"https:\/\/api.w.org\/{rel}","templated":true}]}}