{"id":13716,"date":"2016-04-07T16:33:36","date_gmt":"2016-04-07T15:33:36","guid":{"rendered":"http:\/\/roofnet.fr\/roofnet\/?page_id=13716"},"modified":"2022-06-20T15:58:16","modified_gmt":"2022-06-20T14:58:16","slug":"securisation-des-toitures","status":"publish","type":"page","link":"https:\/\/roofnet.fr\/roofnet\/securisation-des-toitures\/","title":{"rendered":"S\u00e9curisation des toitures"},"content":{"rendered":"<div class=\"wpb-content-wrapper\"><p>[vc_row][vc_column width=\u00a0\u00bb1\/4&Prime;][vc_gallery interval=\u00a0\u00bb3&Prime; images=\u00a0\u00bb14066&Prime; img_size=\u00a0\u00bb250&#215;200&Prime;][\/vc_column][vc_column width=\u00a0\u00bb3\/4&Prime;][vc_column_text]<\/p>\n<h4>SECURISATION DES TOITURES<\/h4>\n<p>[\/vc_column_text][vc_column_text]<span style=\"color: #5a5a5a;\">Dans le cadre de ses interventions sur les toitures et gr\u00e2ce \u00e0 ses partenaires privil\u00e9gi\u00e9s, Roofnet accompagne ses clients sur la mise en conformit\u00e9 des \u00e9quipements de s\u00e9curisation des toitures :<\/span>[\/vc_column_text][vc_column_text]<strong><span style=\"color: #1e73be;\">Garde-corps autoportant <\/span><\/strong>[\/vc_column_text]<div class=\"mt-shortcode-separator default left\" style=\"height:; width:; background-color:#1e73be;margin-top:; margin-bottom:\"><\/div><div class=\"clear\"><\/div>[vc_empty_space height=\u00a0\u00bb15&Prime;][vc_column_text]<\/p>\n<p id=\"TheTexte\" class=\"Texte\"><span style=\"color: #5a5a5a;\">Roofnet assure la r\u00e9fection d\u2019\u00e9tanch\u00e9it\u00e9 partielle ou totale de toitures (bitume, membrane PVC , Bacacier R) avec, selon le cas, une garantie d\u00e9cennale. Nous sommes en mesure de proposer la mise en \u0153uvre de syst\u00e8mes de surtoitures isolantes sur fibro-ciment (r\u00e9f\u00e9rences chantiers et fiches techniques sur demande).<\/span><\/p>\n<p>[\/vc_column_text][vc_empty_space][\/vc_column][\/vc_row][vc_row][vc_column width=\u00a0\u00bb1\/4&Prime;][vc_gallery interval=\u00a0\u00bb3&Prime; images=\u00a0\u00bb14067,14068&Prime; img_size=\u00a0\u00bb250&#215;200&Prime;][\/vc_column][vc_column width=\u00a0\u00bb3\/4&Prime;][vc_column_text]<strong><span style=\"color: #1e73be;\">Echelle \u00e0 crinoline <\/span><\/strong>[\/vc_column_text]<div class=\"mt-shortcode-separator default left\" style=\"height:; width:; background-color:#1e73be;margin-top:; margin-bottom:\"><\/div><div class=\"clear\"><\/div>[vc_empty_space height=\u00a0\u00bb15&Prime;][vc_column_text]<\/p>\n<div id=\"TheTexte\" class=\"Texte\">\n<p><span style=\"color: #5a5a5a;\">Pour s\u00e9curiser l\u2019acc\u00e8s en toiture des hommes, nous installons des \u00e9chelles \u00e0 crinoline respectant les normes fran\u00e7aises les plus actualis\u00e9es dans ce domaine.<\/span><\/p>\n<p><span style=\"color: #5a5a5a;\">Nous pouvons, \u00e0 la demande, ajouter des condamnations d\u2019acc\u00e8s, (selon la protection recherch\u00e9e), d\u00e9monter des \u00e9quipements anciens, pr\u00e9coniser des installations\u2026<\/span><\/p>\n<p>&nbsp;<\/p>\n<\/div>\n<p>[\/vc_column_text][vc_empty_space height=\u00a0\u00bb32&Prime;][\/vc_column][\/vc_row][vc_row full_width=\u00a0\u00bbstretch_row\u00a0\u00bb bg_type=\u00a0\u00bbbg_color\u00a0\u00bb][vc_column][vc_empty_space height=\u00a0\u00bb15&Prime;][\/vc_column][\/vc_row][vc_row][vc_column width=\u00a0\u00bb1\/4&Prime;]<div class=\"mt-shortcode-image    \" style=\"border-color:; border-width:px; \"><div class=\"mt-shortcode-image-hover\" ><div class=\"image-inside\" style=\"background-color:; border-color:;\"><div class=\"image-inside-in\"><div class=\"mt-shortcode-image-content\" style=\"border-color:;\"><h6><\/h6><\/div><\/div><\/div><\/div><img decoding=\"async\" src=\"https:\/\/roofnet.fr\/roofnet\/wp-content\/uploads\/2016\/04\/Crosse-et-ligne-de-vie-250x200.jpg\" alt=\"\" \/><\/div>[vc_empty_space][\/vc_column][vc_column width=\u00a0\u00bb3\/4&Prime;][vc_column_text]<span style=\"color: #1e73be;\"><strong>Crosse et ligne de vie<\/strong> <\/span>[\/vc_column_text]<div class=\"mt-shortcode-separator default left\" style=\"height:; width:; background-color:#1e73be;margin-top:; margin-bottom:\"><\/div><div class=\"clear\"><\/div>[vc_empty_space height=\u00a0\u00bb15&Prime;][vc_column_text]<\/p>\n<div id=\"TheTexte\" class=\"Texte\">\n<p><span style=\"color: #5a5a5a;\">Pour la s\u00e9curisation du personnel et des \u00e9quipes d\u2019intervention\u2026<\/span><\/p>\n<\/div>\n<p>[\/vc_column_text][vc_empty_space height=\u00a0\u00bb32&Prime;][\/vc_column][\/vc_row][vc_row full_width=\u00a0\u00bbstretch_row\u00a0\u00bb bg_type=\u00a0\u00bbbg_color\u00a0\u00bb bg_color_value=\u00a0\u00bb#e2e2e2&Prime;][vc_column][vc_empty_space height=\u00a0\u00bb15&Prime;][\/vc_column][\/vc_row][vc_row full_width=\u00a0\u00bbstretch_row\u00a0\u00bb bg_type=\u00a0\u00bbbg_color\u00a0\u00bb bg_color_value=\u00a0\u00bb#e2e2e2&Prime; css=\u00a0\u00bb.vc_custom_1461081139173{background-color: #e2e2e2 !important;}\u00a0\u00bb][vc_column][vc_empty_space height=\u00a0\u00bb30px\u00a0\u00bb css=\u00a0\u00bb.vc_custom_1461080991393{background-color: #e2e2e2 !important;}\u00a0\u00bb][vc_row_inner css=\u00a0\u00bb.vc_custom_1461081095931{background-color: #e2e2e2 !important;}\u00a0\u00bb][vc_column_inner width=\u00a0\u00bb1\/3&Prime;]<div id=\"ultib3-55134942069e8a66d8dc7f\" class=\" ultb3-box ult-adjust-bottom-margin  \" style=\"background-color: #1e73be;\"><img decoding=\"async\" src=\"https:\/\/roofnet.fr\/roofnet\/wp-content\/uploads\/2016\/03\/nord.jpg\" style=\"\" class=\"ultb3-img ultb3-img-left\" alt=\"ib3 image\"\/><div id=\"Info-banner-wrap7376\" class=\"ultb3-info ib3-info-right\" data-animation=\"\" data-animation-delay=\"03\"><div class=\"ultb3-title ult-responsive\"  data-ultimate-target='#Info-banner-wrap7376 .ultb3-title'  data-responsive-json-new='{\"font-size\":\"desktop:20px;\",\"line-height\":\"\"}'  style=\"font-weight:bold;color:#ffffff;\">Roofnet Nord<\/div><div class=\"ultb3-desc ult-responsive\"  data-ultimate-target='#Info-banner-wrap7376 .ultb3-desc'  data-responsive-json-new='{\"font-size\":\"desktop:11px;\",\"line-height\":\"\"}'  style=\"font-weight:normal;color:#ffffff;\">Vous \u00eates de la r\u00e9gion Nord ?<br \/>\nRetrouvez nos coordonn\u00e9es<br \/>\nen cliquant sur le lien<\/div><a href=\"https:\/\/roofnet.fr\/roofnet\/roofnet_nord\/\"   class=\"ultb3-btn ult-responsive\"  data-ultimate-target='#Info-banner-wrap7376 .ultb3-btn'  data-responsive-json-new='{\"font-size\":\"desktop:12px;\",\"line-height\":\"\"}'  style=\"font-weight:bold;\">Nous contacter<i class=\"Defaults-angle-right\"><\/i><\/a><\/div><\/div><style>\n\t\t\t\t\t#ultib3-55134942069e8a66d8dc7f {\n\t\t\t\t\t\tmin-height:50px;\n\t\t\t\t\t}\n\t\t\t\t\t#ultib3-55134942069e8a66d8dc7f img.ultb3-img {\n\t\t\t\t\t\theight: px;\n\t\t\t\t\t}\n\t\t\t\t\t#ultib3-55134942069e8a66d8dc7f .ultb3-btn {\n\t\t\t\t\t\tborder:1px solid #ffffff;border-radius:20px;color:#ffffff;\n\t\t\t\t\t}\n\t\t\t\t\t#ultib3-55134942069e8a66d8dc7f .ultb3-btn:hover {\n\t\t\t\t\t\tbackground:#ffffff;color:#ffffff;\n\t\t\t\t\t}\n\t\t\t\t<\/style><style>\n\t\t\t\t\t\t@media (min-width: 1824px) {\n\t\t\t\t\t\t\t #ultib3-55134942069e8a66d8dc7f img.ultb3-img {\n\t\t\t\t\t\t\t\theight:50px;\n\t\t\t\t\t\t\t}\n\t\t\t\t\t\t}\n\t\t\t\t\t<\/style>[vc_empty_space height=\u00a0\u00bb10&Prime;][\/vc_column_inner][vc_column_inner width=\u00a0\u00bb1\/3&Prime;]<div id=\"ultib3-163518647569e8a66d8e011\" class=\" ultb3-box ult-adjust-bottom-margin  \" style=\"background-color: #1e73be;\"><img decoding=\"async\" src=\"https:\/\/roofnet.fr\/roofnet\/wp-content\/uploads\/2016\/03\/centre.jpg\" style=\"\" class=\"ultb3-img ultb3-img-left\" alt=\"ib3 image\"\/><div id=\"Info-banner-wrap5155\" class=\"ultb3-info ib3-info-right\" data-animation=\"\" data-animation-delay=\"03\"><div class=\"ultb3-title ult-responsive\"  data-ultimate-target='#Info-banner-wrap5155 .ultb3-title'  data-responsive-json-new='{\"font-size\":\"desktop:20px;\",\"line-height\":\"\"}'  style=\"font-weight:bold;color:#ffffff;\">Roofnet Centre<\/div><div class=\"ultb3-desc ult-responsive\"  data-ultimate-target='#Info-banner-wrap5155 .ultb3-desc'  data-responsive-json-new='{\"font-size\":\"desktop:11px;\",\"line-height\":\"\"}'  style=\"font-weight:normal;color:#ffffff;\">Vous \u00eates de la r\u00e9gion Centre ?<br \/>\nRetrouvez nos coordonn\u00e9es<br \/>\nen cliquant sur le lien<\/div><a href=\"https:\/\/roofnet.fr\/roofnet\/contactez_nous\"   class=\"ultb3-btn ult-responsive\"  data-ultimate-target='#Info-banner-wrap5155 .ultb3-btn'  data-responsive-json-new='{\"font-size\":\"desktop:12px;\",\"line-height\":\"\"}'  style=\"font-weight:bold;\">Nous contacter<i class=\"Defaults-angle-right\"><\/i><\/a><\/div><\/div><style>\n\t\t\t\t\t#ultib3-163518647569e8a66d8e011 {\n\t\t\t\t\t\tmin-height:50px;\n\t\t\t\t\t}\n\t\t\t\t\t#ultib3-163518647569e8a66d8e011 img.ultb3-img {\n\t\t\t\t\t\theight: px;\n\t\t\t\t\t}\n\t\t\t\t\t#ultib3-163518647569e8a66d8e011 .ultb3-btn {\n\t\t\t\t\t\tborder:1px solid #ffffff;border-radius:20px;color:#ffffff;\n\t\t\t\t\t}\n\t\t\t\t\t#ultib3-163518647569e8a66d8e011 .ultb3-btn:hover {\n\t\t\t\t\t\tbackground:#ffffff;color:#ffffff;\n\t\t\t\t\t}\n\t\t\t\t<\/style><style>\n\t\t\t\t\t\t@media (min-width: 1824px) {\n\t\t\t\t\t\t\t #ultib3-163518647569e8a66d8e011 img.ultb3-img {\n\t\t\t\t\t\t\t\theight:50px;\n\t\t\t\t\t\t\t}\n\t\t\t\t\t\t}\n\t\t\t\t\t<\/style>[vc_empty_space height=\u00a0\u00bb10&Prime;][\/vc_column_inner][vc_column_inner width=\u00a0\u00bb1\/3&Prime;]<div id=\"ultib3-71501314169e8a66d8e3d3\" class=\" ultb3-box ult-adjust-bottom-margin  \" style=\"background-color: #1e73be;\"><img decoding=\"async\" src=\"https:\/\/roofnet.fr\/roofnet\/wp-content\/uploads\/2014\/11\/carte_footer_sud.jpg\" style=\"\" class=\"ultb3-img ultb3-img-left\" alt=\"ib3 image\"\/><div id=\"Info-banner-wrap3943\" class=\"ultb3-info ib3-info-right\" data-animation=\"\" data-animation-delay=\"03\"><div class=\"ultb3-title ult-responsive\"  data-ultimate-target='#Info-banner-wrap3943 .ultb3-title'  data-responsive-json-new='{\"font-size\":\"desktop:20px;\",\"line-height\":\"\"}'  style=\"font-weight:bold;color:#ffffff;\">Roofnet<\/div><div class=\"ultb3-desc ult-responsive\"  data-ultimate-target='#Info-banner-wrap3943 .ultb3-desc'  data-responsive-json-new='{\"font-size\":\"desktop:11px;\",\"line-height\":\"\"}'  style=\"font-weight:normal;color:#ffffff;\">Vous \u00eates localis\u00e9 au Sud de Lyon ?<br \/>\nRetrouvez nos coordonn\u00e9es<br \/>\nen cliquant sur le lien<\/div><a href=\"https:\/\/roofnet.fr\/roofnet\/roofnet_sud\"   class=\"ultb3-btn ult-responsive\"  data-ultimate-target='#Info-banner-wrap3943 .ultb3-btn'  data-responsive-json-new='{\"font-size\":\"desktop:12px;\",\"line-height\":\"\"}'  style=\"font-weight:bold;\">Nous contacter<i class=\"Defaults-angle-right\"><\/i><\/a><\/div><\/div><style>\n\t\t\t\t\t#ultib3-71501314169e8a66d8e3d3 {\n\t\t\t\t\t\tmin-height:50px;\n\t\t\t\t\t}\n\t\t\t\t\t#ultib3-71501314169e8a66d8e3d3 img.ultb3-img {\n\t\t\t\t\t\theight: px;\n\t\t\t\t\t}\n\t\t\t\t\t#ultib3-71501314169e8a66d8e3d3 .ultb3-btn {\n\t\t\t\t\t\tborder:1px solid #ffffff;border-radius:20px;color:#ffffff;\n\t\t\t\t\t}\n\t\t\t\t\t#ultib3-71501314169e8a66d8e3d3 .ultb3-btn:hover {\n\t\t\t\t\t\tbackground:#ffffff;color:#ffffff;\n\t\t\t\t\t}\n\t\t\t\t<\/style><style>\n\t\t\t\t\t\t@media (min-width: 1824px) {\n\t\t\t\t\t\t\t #ultib3-71501314169e8a66d8e3d3 img.ultb3-img {\n\t\t\t\t\t\t\t\theight:50px;\n\t\t\t\t\t\t\t}\n\t\t\t\t\t\t}\n\t\t\t\t\t<\/style>[vc_empty_space height=\u00a0\u00bb10&Prime;][\/vc_column_inner][\/vc_row_inner][vc_empty_space height=\u00a0\u00bb30px\u00a0\u00bb css=\u00a0\u00bb.vc_custom_1461081030251{background-color: #e2e2e2 !important;}\u00a0\u00bb][\/vc_column][\/vc_row][vc_row full_width=\u00a0\u00bbstretch_row\u00a0\u00bb css=\u00a0\u00bb.vc_custom_1458739034787{background-color: #242424 !important;}\u00a0\u00bb][vc_column][vc_row_inner][vc_column_inner width=\u00a0\u00bb1\/3&Prime;][\/vc_column_inner][vc_column_inner width=\u00a0\u00bb1\/3&Prime;][vc_column_text css_animation=\u00a0\u00bbtop-to-bottom\u00a0\u00bb]<\/p>\n<h4 style=\"text-align: center;\"><span style=\"color: #ffffff;\">Roofnet<\/span><\/h4>\n<p>[\/vc_column_text][vc_column_text css_animation=\u00a0\u00bbtop-to-bottom\u00a0\u00bb]<\/p>\n<h6 style=\"text-align: center;\"><span style=\"color: #ffffff;\">Si\u00e8ge<br \/>\n<\/span><\/h6>\n<p>[\/vc_column_text]<div class=\"mt-shortcode-separator default center\" style=\"height:; width:; background-color:#ffffff;margin-top:; margin-bottom:\"><\/div><div class=\"clear\"><\/div>[vc_column_text]<\/p>\n<p style=\"text-align: center;\"><span style=\"color: #ffffff;\">3 rue de T\u00e9h\u00e9ran \u2013 75008 Paris \u2013 T\u00e9l. <a style=\"color: #ffffff;\" href=\"#\">01 45 25 03 35<\/a><br \/>\n<a style=\"color: #ffffff;\" href=\"mailto:info@roofnet.fr\">info@roofnet.fr<\/a>\u2013 RCS : <a style=\"color: #ffffff;\" href=\"#\">398 543 801<\/a><\/span><\/p>\n<p style=\"text-align: center;\"><span style=\"color: #b3b3b2;\"><a href=\"https:\/\/www.linkedin.com\/company\/roofnet\/\" target=\"_blank\" rel=\"noopener noreferrer\"><img loading=\"lazy\" decoding=\"async\" class=\"alignnone wp-image-14221 size-full\" src=\"https:\/\/roofnet.fr\/roofnet\/wp-content\/uploads\/2016\/04\/linkedin.png\" alt=\"linkedin\" width=\"37\" height=\"37\" srcset=\"https:\/\/roofnet.fr\/roofnet\/wp-content\/uploads\/2016\/04\/linkedin.png 37w, https:\/\/roofnet.fr\/roofnet\/wp-content\/uploads\/2016\/04\/linkedin-150x150.png 150w, https:\/\/roofnet.fr\/roofnet\/wp-content\/uploads\/2016\/04\/linkedin-300x300.png 300w, https:\/\/roofnet.fr\/roofnet\/wp-content\/uploads\/2016\/04\/linkedin-768x768.png 768w, https:\/\/roofnet.fr\/roofnet\/wp-content\/uploads\/2016\/04\/linkedin-1024x1024.png 1024w, https:\/\/roofnet.fr\/roofnet\/wp-content\/uploads\/2016\/04\/linkedin-999x999.png 999w, https:\/\/roofnet.fr\/roofnet\/wp-content\/uploads\/2016\/04\/linkedin-360x360.png 360w\" sizes=\"(max-width: 37px) 100vw, 37px\" \/><\/a> <a href=\"https:\/\/www.facebook.com\/roofnet.fr\/\" target=\"_blank\" rel=\"noopener noreferrer\" class=\"broken_link\"><img loading=\"lazy\" decoding=\"async\" class=\"alignnone wp-image-14252 size-full\" src=\"https:\/\/roofnet.fr\/roofnet\/wp-content\/uploads\/2016\/04\/fb_rond.png\" alt=\"fb_rond\" width=\"37\" height=\"37\" srcset=\"https:\/\/roofnet.fr\/roofnet\/wp-content\/uploads\/2016\/04\/fb_rond.png 37w, https:\/\/roofnet.fr\/roofnet\/wp-content\/uploads\/2016\/04\/fb_rond-150x150.png 150w, https:\/\/roofnet.fr\/roofnet\/wp-content\/uploads\/2016\/04\/fb_rond-300x300.png 300w, https:\/\/roofnet.fr\/roofnet\/wp-content\/uploads\/2016\/04\/fb_rond-768x768.png 768w, https:\/\/roofnet.fr\/roofnet\/wp-content\/uploads\/2016\/04\/fb_rond-1024x1024.png 1024w, https:\/\/roofnet.fr\/roofnet\/wp-content\/uploads\/2016\/04\/fb_rond-999x999.png 999w, https:\/\/roofnet.fr\/roofnet\/wp-content\/uploads\/2016\/04\/fb_rond-360x360.png 360w\" sizes=\"(max-width: 37px) 100vw, 37px\" \/><\/a><br \/>\n<\/span><\/p>\n<p>[\/vc_column_text][vc_empty_space][\/vc_column_inner][vc_column_inner width=\u00a0\u00bb1\/3&Prime;][\/vc_column_inner][\/vc_row_inner][\/vc_column][\/vc_row]<\/p>\n<\/div>","protected":false},"excerpt":{"rendered":"<p>[vc_row][vc_column width=\u00a0\u00bb1\/4&Prime;][vc_gallery interval=\u00a0\u00bb3&Prime; images=\u00a0\u00bb14066&Prime; img_size=\u00a0\u00bb250&#215;200&Prime;][\/vc_column][vc_column width=\u00a0\u00bb3\/4&Prime;][vc_column_text] SECURISATION DES TOITURES [\/vc_column_text][vc_column_text]Dans le cadre de ses interventions sur les toitures et gr\u00e2ce \u00e0 ses partenaires privil\u00e9gi\u00e9s, Roofnet accompagne ses clients sur la mise en conformit\u00e9 des \u00e9quipements de s\u00e9curisation des toitures :[\/vc_column_text][vc_column_text]Garde-corps autoportant [\/vc_column_text][vc_empty_space height=\u00a0\u00bb15&Prime;][vc_column_text] Roofnet assure la r\u00e9fection d\u2019\u00e9tanch\u00e9it\u00e9 partielle ou totale de toitures (bitume, membrane PVC , Bacacier R) avec, selon le cas, une garantie d\u00e9cennale. Nous sommes en mesure de proposer la mise en \u0153uvre de syst\u00e8mes de surtoitures isolantes sur fibro-ciment (r\u00e9f\u00e9rences chantiers et fiches techniques sur demande). [\/vc_column_text][vc_empty_space][\/vc_column][\/vc_row][vc_row][vc_column width=\u00a0\u00bb1\/4&Prime;][vc_gallery interval=\u00a0\u00bb3&Prime; images=\u00a0\u00bb14067,14068&Prime; img_size=\u00a0\u00bb250&#215;200&Prime;][\/vc_column][vc_column width=\u00a0\u00bb3\/4&Prime;][vc_column_text]Echelle \u00e0 crinoline [\/vc_column_text][vc_empty_space height=\u00a0\u00bb15&Prime;][vc_column_text] Pour s\u00e9curiser l\u2019acc\u00e8s en toiture des hommes, nous installons des \u00e9chelles \u00e0 crinoline respectant les normes fran\u00e7aises les plus actualis\u00e9es dans ce domaine. Nous pouvons, \u00e0 la demande, ajouter des condamnations d\u2019acc\u00e8s, (selon la protection recherch\u00e9e), d\u00e9monter des \u00e9quipements anciens, pr\u00e9coniser des installations\u2026 &nbsp; [\/vc_column_text][vc_empty_space height=\u00a0\u00bb32&Prime;][\/vc_column][\/vc_row][vc_row full_width=\u00a0\u00bbstretch_row\u00a0\u00bb bg_type=\u00a0\u00bbbg_color\u00a0\u00bb][vc_column][vc_empty_space height=\u00a0\u00bb15&Prime;][\/vc_column][\/vc_row][vc_row][vc_column width=\u00a0\u00bb1\/4&Prime;][vc_empty_space][\/vc_column][vc_column width=\u00a0\u00bb3\/4&Prime;][vc_column_text]Crosse et ligne de vie [\/vc_column_text][vc_empty_space height=\u00a0\u00bb15&Prime;][vc_column_text] Pour la s\u00e9curisation du personnel et des \u00e9quipes d\u2019intervention\u2026 [\/vc_column_text][vc_empty_space height=\u00a0\u00bb32&Prime;][\/vc_column][\/vc_row][vc_row full_width=\u00a0\u00bbstretch_row\u00a0\u00bb bg_type=\u00a0\u00bbbg_color\u00a0\u00bb bg_color_value=\u00a0\u00bb#e2e2e2&Prime;][vc_column][vc_empty_space height=\u00a0\u00bb15&Prime;][\/vc_column][\/vc_row][vc_row full_width=\u00a0\u00bbstretch_row\u00a0\u00bb bg_type=\u00a0\u00bbbg_color\u00a0\u00bb bg_color_value=\u00a0\u00bb#e2e2e2&Prime; css=\u00a0\u00bb.vc_custom_1461081139173{background-color: #e2e2e2 !important;}\u00a0\u00bb][vc_column][vc_empty_space height=\u00a0\u00bb30px\u00a0\u00bb css=\u00a0\u00bb.vc_custom_1461080991393{background-color: #e2e2e2 !important;}\u00a0\u00bb][vc_row_inner css=\u00a0\u00bb.vc_custom_1461081095931{background-color: #e2e2e2 !important;}\u00a0\u00bb][vc_column_inner width=\u00a0\u00bb1\/3&Prime;][vc_empty_space height=\u00a0\u00bb10&Prime;][\/vc_column_inner][vc_column_inner width=\u00a0\u00bb1\/3&Prime;][vc_empty_space height=\u00a0\u00bb10&Prime;][\/vc_column_inner][vc_column_inner width=\u00a0\u00bb1\/3&Prime;][vc_empty_space height=\u00a0\u00bb10&Prime;][\/vc_column_inner][\/vc_row_inner][vc_empty_space height=\u00a0\u00bb30px\u00a0\u00bb css=\u00a0\u00bb.vc_custom_1461081030251{background-color: #e2e2e2 !important;}\u00a0\u00bb][\/vc_column][\/vc_row][vc_row full_width=\u00a0\u00bbstretch_row\u00a0\u00bb css=\u00a0\u00bb.vc_custom_1458739034787{background-color: #242424 !important;}\u00a0\u00bb][vc_column][vc_row_inner][vc_column_inner width=\u00a0\u00bb1\/3&Prime;][\/vc_column_inner][vc_column_inner width=\u00a0\u00bb1\/3&Prime;][vc_column_text css_animation=\u00a0\u00bbtop-to-bottom\u00a0\u00bb] Roofnet [\/vc_column_text][vc_column_text css_animation=\u00a0\u00bbtop-to-bottom\u00a0\u00bb] Si\u00e8ge [\/vc_column_text][vc_column_text] 3 rue de T\u00e9h\u00e9ran \u2013 75008 Paris \u2013 T\u00e9l. 01 45 25 03 35 info@roofnet.fr\u2013 RCS : 398 543 801 [\/vc_column_text][vc_empty_space][\/vc_column_inner][vc_column_inner width=\u00a0\u00bb1\/3&Prime;][\/vc_column_inner][\/vc_row_inner][\/vc_column][\/vc_row]<\/p>\n","protected":false},"author":1,"featured_media":0,"parent":0,"menu_order":0,"comment_status":"closed","ping_status":"closed","template":"template-fullwith.php","meta":{"footnotes":""},"_links":{"self":[{"href":"https:\/\/roofnet.fr\/roofnet\/wp-json\/wp\/v2\/pages\/13716"}],"collection":[{"href":"https:\/\/roofnet.fr\/roofnet\/wp-json\/wp\/v2\/pages"}],"about":[{"href":"https:\/\/roofnet.fr\/roofnet\/wp-json\/wp\/v2\/types\/page"}],"author":[{"embeddable":true,"href":"https:\/\/roofnet.fr\/roofnet\/wp-json\/wp\/v2\/users\/1"}],"replies":[{"embeddable":true,"href":"https:\/\/roofnet.fr\/roofnet\/wp-json\/wp\/v2\/comments?post=13716"}],"version-history":[{"count":2,"href":"https:\/\/roofnet.fr\/roofnet\/wp-json\/wp\/v2\/pages\/13716\/revisions"}],"predecessor-version":[{"id":14667,"href":"https:\/\/roofnet.fr\/roofnet\/wp-json\/wp\/v2\/pages\/13716\/revisions\/14667"}],"wp:attachment":[{"href":"https:\/\/roofnet.fr\/roofnet\/wp-json\/wp\/v2\/media?parent=13716"}],"curies":[{"name":"wp","href":"https:\/\/api.w.org\/{rel}","templated":true}]}}